{"id":15369,"date":"2020-10-14T14:40:36","date_gmt":"2020-10-14T12:40:36","guid":{"rendered":"https:\/\/www.nemprogrammering.dk\/wp\/?page_id=15369"},"modified":"2025-06-25T11:58:39","modified_gmt":"2025-06-25T09:58:39","slug":"premiere-pro-kursus","status":"publish","type":"page","link":"https:\/\/www.nemprogrammering.dk\/wp\/premiere-pro-kursus\/","title":{"rendered":"Premiere Pro kursus"},"content":{"rendered":"\t\t<div class=\"woocommerce\">\n\t\t\t<div class=\"woocommerce-info wc-memberships-restriction-message wc-memberships-message wc-memberships-content-restricted-message\">\n\t\t\t\tTo access this page, you must purchase <span class=\"wc-memberships-products-grant-access\"><a href=\"https:\/\/www.nemprogrammering.dk\/wp\/downloads\/produkter\/premiere-pro-kursus\/\">Premiere Pro kursus<\/a><\/span>.\t\t    <\/div>\n\t\t<\/div>\n\t\t","protected":false},"excerpt":{"rendered":"\n<div class=\"woocommerce\">\n<div class=\"woocommerce-info wc-memberships-restriction-message wc-memberships-message wc-memberships-content-restricted-message\">\n\t\t\t\tTo access this page, you must purchase <span class=\"wc-memberships-products-grant-access\"><a href=\"https:\/\/www.nemprogrammering.dk\/wp\/downloads\/produkter\/premiere-pro-kursus\/\">Premiere Pro kursus<\/a><\/span>.\t\t    <\/div>\n<\/p><\/div>\n","protected":false},"author":166,"featured_media":15382,"parent":0,"menu_order":0,"comment_status":"closed","ping_status":"closed","template":"videofront-fullwidth.php","meta":{"footnotes":""},"class_list":["post-15369","page","type-page","status-publish","has-post-thumbnail","hentry","membership-content","access-restricted"],"yoast_head":"<!-- This site is optimized with the Yoast SEO plugin v27.1.1 - https:\/\/yoast.com\/product\/yoast-seo-wordpress\/ -->\n<title>Premiere Pro kursus | L\u00e6r at lave film og video med Adobe Premiere Pro<\/title>\n<meta name=\"description\" content=\"P\u00e5 dette danske Adobe Premiere Pro kursus, l\u00e6rer du at redigere og producere videoer og film med Premiere Pro. Kurset er for begyndere.\" \/>\n<meta name=\"robots\" content=\"index, follow, max-snippet:-1, max-image-preview:large, max-video-preview:-1\" \/>\n<link rel=\"canonical\" href=\"https:\/\/www.nemprogrammering.dk\/wp\/premiere-pro-kursus\/\" \/>\n<meta property=\"og:locale\" content=\"da_DK\" \/>\n<meta property=\"og:type\" content=\"article\" \/>\n<meta property=\"og:title\" content=\"Premiere Pro kursus | L\u00e6r at lave film og video med Adobe Premiere Pro\" \/>\n<meta property=\"og:description\" content=\"P\u00e5 dette danske Adobe Premiere Pro kursus, l\u00e6rer du at redigere og producere videoer og film med Premiere Pro. Kurset er for begyndere.\" \/>\n<meta property=\"og:url\" content=\"https:\/\/www.nemprogrammering.dk\/wp\/premiere-pro-kursus\/\" \/>\n<meta property=\"og:site_name\" content=\"NemProgrammering.dk\" \/>\n<meta property=\"article:modified_time\" content=\"2025-06-25T09:58:39+00:00\" \/>\n<meta property=\"og:image\" content=\"https:\/\/www.nemprogrammering.dk\/wp\/wp-content\/uploads\/2020\/10\/premiere-pro.png\" \/>\n\t<meta property=\"og:image:width\" content=\"285\" \/>\n\t<meta property=\"og:image:height\" content=\"160\" \/>\n\t<meta property=\"og:image:type\" content=\"image\/png\" \/>\n<meta name=\"twitter:label1\" content=\"Estimeret l\u00e6setid\" \/>\n\t<meta name=\"twitter:data1\" content=\"5 minutter\" \/>\n<!-- \/ Yoast SEO plugin. -->","yoast_head_json":{"title":"Premiere Pro kursus | L\u00e6r at lave film og video med Adobe Premiere Pro","description":"P\u00e5 dette danske Adobe Premiere Pro kursus, l\u00e6rer du at redigere og producere videoer og film med Premiere Pro. Kurset er for begyndere.","robots":{"index":"index","follow":"follow","max-snippet":"max-snippet:-1","max-image-preview":"max-image-preview:large","max-video-preview":"max-video-preview:-1"},"canonical":"https:\/\/www.nemprogrammering.dk\/wp\/premiere-pro-kursus\/","og_locale":"da_DK","og_type":"article","og_title":"Premiere Pro kursus | L\u00e6r at lave film og video med Adobe Premiere Pro","og_description":"P\u00e5 dette danske Adobe Premiere Pro kursus, l\u00e6rer du at redigere og producere videoer og film med Premiere Pro. Kurset er for begyndere.","og_url":"https:\/\/www.nemprogrammering.dk\/wp\/premiere-pro-kursus\/","og_site_name":"NemProgrammering.dk","article_modified_time":"2025-06-25T09:58:39+00:00","og_image":[{"width":285,"height":160,"url":"https:\/\/www.nemprogrammering.dk\/wp\/wp-content\/uploads\/2020\/10\/premiere-pro.png","type":"image\/png"}],"twitter_misc":{"Estimeret l\u00e6setid":"5 minutter"},"schema":{"@context":"https:\/\/schema.org","@graph":[{"@type":"WebPage","@id":"https:\/\/www.nemprogrammering.dk\/wp\/premiere-pro-kursus\/","url":"https:\/\/www.nemprogrammering.dk\/wp\/premiere-pro-kursus\/","name":"Premiere Pro kursus | L\u00e6r at lave film og video med Adobe Premiere Pro","isPartOf":{"@id":"https:\/\/www.nemprogrammering.dk\/wp\/#website"},"primaryImageOfPage":{"@id":"https:\/\/www.nemprogrammering.dk\/wp\/premiere-pro-kursus\/#primaryimage"},"image":{"@id":"https:\/\/www.nemprogrammering.dk\/wp\/premiere-pro-kursus\/#primaryimage"},"thumbnailUrl":"https:\/\/www.nemprogrammering.dk\/wp\/wp-content\/uploads\/2020\/10\/premiere-pro.png","datePublished":"2020-10-14T12:40:36+00:00","dateModified":"2025-06-25T09:58:39+00:00","description":"P\u00e5 dette danske Adobe Premiere Pro kursus, l\u00e6rer du at redigere og producere videoer og film med Premiere Pro. Kurset er for begyndere.","breadcrumb":{"@id":"https:\/\/www.nemprogrammering.dk\/wp\/premiere-pro-kursus\/#breadcrumb"},"inLanguage":"da-DK","potentialAction":[{"@type":"ReadAction","target":["https:\/\/www.nemprogrammering.dk\/wp\/premiere-pro-kursus\/"]}]},{"@type":"ImageObject","inLanguage":"da-DK","@id":"https:\/\/www.nemprogrammering.dk\/wp\/premiere-pro-kursus\/#primaryimage","url":"https:\/\/www.nemprogrammering.dk\/wp\/wp-content\/uploads\/2020\/10\/premiere-pro.png","contentUrl":"https:\/\/www.nemprogrammering.dk\/wp\/wp-content\/uploads\/2020\/10\/premiere-pro.png","width":285,"height":160,"caption":"Premiere pro"},{"@type":"BreadcrumbList","@id":"https:\/\/www.nemprogrammering.dk\/wp\/premiere-pro-kursus\/#breadcrumb","itemListElement":[{"@type":"ListItem","position":1,"name":"Hjem","item":"https:\/\/www.nemprogrammering.dk\/wp\/"},{"@type":"ListItem","position":2,"name":"Premiere Pro kursus"}]},{"@type":"WebSite","@id":"https:\/\/www.nemprogrammering.dk\/wp\/#website","url":"https:\/\/www.nemprogrammering.dk\/wp\/","name":"NemProgrammering.dk","description":"Gratis HTML, CSS, PHP, WORDPRESS TUTORIALS OG GUIDES","potentialAction":[{"@type":"SearchAction","target":{"@type":"EntryPoint","urlTemplate":"https:\/\/www.nemprogrammering.dk\/wp\/?s={search_term_string}"},"query-input":{"@type":"PropertyValueSpecification","valueRequired":true,"valueName":"search_term_string"}}],"inLanguage":"da-DK"}]}},"_links":{"self":[{"href":"https:\/\/www.nemprogrammering.dk\/wp\/wp-json\/wp\/v2\/pages\/15369","targetHints":{"allow":["GET"]}}],"collection":[{"href":"https:\/\/www.nemprogrammering.dk\/wp\/wp-json\/wp\/v2\/pages"}],"about":[{"href":"https:\/\/www.nemprogrammering.dk\/wp\/wp-json\/wp\/v2\/types\/page"}],"author":[{"embeddable":true,"href":"https:\/\/www.nemprogrammering.dk\/wp\/wp-json\/wp\/v2\/users\/166"}],"replies":[{"embeddable":true,"href":"https:\/\/www.nemprogrammering.dk\/wp\/wp-json\/wp\/v2\/comments?post=15369"}],"version-history":[{"count":14,"href":"https:\/\/www.nemprogrammering.dk\/wp\/wp-json\/wp\/v2\/pages\/15369\/revisions"}],"predecessor-version":[{"id":19676,"href":"https:\/\/www.nemprogrammering.dk\/wp\/wp-json\/wp\/v2\/pages\/15369\/revisions\/19676"}],"wp:featuredmedia":[{"embeddable":true,"href":"https:\/\/www.nemprogrammering.dk\/wp\/wp-json\/wp\/v2\/media\/15382"}],"wp:attachment":[{"href":"https:\/\/www.nemprogrammering.dk\/wp\/wp-json\/wp\/v2\/media?parent=15369"}],"curies":[{"name":"wp","href":"https:\/\/api.w.org\/{rel}","templated":true}]}}